{"id":1775,"date":"2016-08-08T11:02:21","date_gmt":"2016-08-08T11:02:21","guid":{"rendered":"http:\/\/gokajaki.onreo.net\/de\/?page_id=1775"},"modified":"2021-01-20T13:31:18","modified_gmt":"2021-01-20T13:31:18","slug":"gokajaki-paddeltoure-ein-fantastisches-abenteuer","status":"publish","type":"page","link":"https:\/\/gokajaki.pl\/de\/","title":{"rendered":"GOKAJAKI \u2013 PADDELTOURE, EIN FANTASTISCHES ABENTEUER!"},"content":{"rendered":"<h2 class=\"inline\">Die Paddeltour<\/h2>\n<p>bedeutet Kontakt mit Natur, Spiel auf frischer Luft, jeden Abend am Lagerfeuer&#8230;<\/p>\n<p>Malerische Gebiete der Kaschubei, des Pommerns und ein Teil des Gro\u00dfpolens sind hervorragende Pl\u00e4tze f\u00fcr Paddeltouren.<\/p>\n<h3>Wir veranstalten die Paddeltouren:<\/h3>\n<p>\u2013 mehrst\u00fcndige<br \/>\n\u2013 eint\u00e4gige<br \/>\n\u2013 mehrt\u00e4gige<br \/>\n\u2013 lange Touren<\/p>\n<h3>In unserem Angebot finden Sie folgende Fl\u00fcsse:<\/h3>\n<p>\u2013 Paddelroute f\u00fcr Anf\u00e4nger und ihre Kinder \u2013 Brda, Zbrzyca, Chocina, Wda, Radew, Pi\u0142awa, Gwda<br \/>\n\u2013 schwierigere Paddelroute f\u00fcr Fortgeschrittene \u2013 Wieprza, S\u0142upia, Wierzyca, Drawa<br \/>\n\u2013 schwere Paddelroute f\u00fcr erfahrene Leute \u2013 \u0141upawa, \u0141eba, Radunia, Pars\u0119ta und andere auf Wunsch<\/p>\n<h2>AUSR\u00dcSTUNG<\/h2>\n<p>Komfort, Sicherheitsgef\u00fchl und vielf\u00e4ltige Auswahl an Paddelrouten sind eine Grundlage f\u00fcr bequeme Paddeltouren.<\/p>\n<div class=\"myRow margin-top-30\">\n<div class=\"myCol50 leftCol\"><b>Wavesport\u00a0Vista<\/b>\u2013 Doppelkajaks, sehr robust und mit bequemen Sitze, es gibt eine M\u00f6glichkeit, einen Kindersitz anzustellen (Kinder 5-6 Jahre alt)<\/div>\n<div class=\"myCol50 rightCol\"><img decoding=\"async\" src=\"\/wp-content\/uploads\/2012\/03\/Kajak-vista.jpg\" alt=\"\" \/><\/div>\n<\/div>\n<div class=\"myRow\">\n<div class=\"myCol50 leftCol\"><b>Perception Horizon<\/b> \u2013 Doppelkajaks mit zwei Cockpits und dichten Kammer, sehr bequem, entsprechend f\u00fcr l\u00e4ngere Paddeltoure<\/div>\n<div class=\"myCol50 rightCol\"><img decoding=\"async\" src=\"\/wp-content\/uploads\/2015\/03\/Perception-Horizon.jpg\" alt=\"\" \/><\/div>\n<div class=\"myCol50 rightCol\"><\/div>\n<\/div>\n<div class=\"myRow\">\n<div class=\"myCol50 leftCol\"><b>Perception Carolina 14<\/b> \u2013 Einzelkajaks mit einer Gep\u00e4ck-Luke, sehr schnell und wendig, geeignet f\u00fcr die Fl\u00fcsse und Seen<\/div>\n<div class=\"myCol50 rightCol\"><img decoding=\"async\" src=\"\/wp-content\/uploads\/2015\/03\/Perception-Carolina-14.jpg\" alt=\"\" \/><\/div>\n<\/div>\n<div class=\"cl\"><\/div>\n<div class=\"myRow\">\n<div class=\"myCol50 leftCol\"><b>Dagger Blackwater 10.5<\/b> \u2013 Einzelkajaks, sehr stabil und bequem mit ausfahrbaren Skeg, eingesch\u00e4tzt von Anf\u00e4nger und Fortgeschrittene, geeignet f\u00fcr Fl\u00fcsse, Seen, Bucht und K\u00fcstenwasser<\/div>\n<div class=\"myCol50 rightCol\"><img decoding=\"async\" src=\"\/wp-content\/uploads\/2015\/03\/Dagger-Blackwater-105.jpg\" alt=\"\" \/><\/div>\n<\/div>\n<div class=\"cl\"><\/div>\n<div class=\"myRow\">\n<div class=\"myCol50 leftCol\"><b>Canoe Rainbow Apache 16<\/b> \u2013 Kanadiers f\u00fcr drei oder vier Personen, sehr ger\u00e4umig.<\/div>\n<div class=\"myCol50 rightCol\"><img decoding=\"async\" src=\"\/wp-content\/uploads\/2015\/03\/Rainbow-Apache-16.jpg\" alt=\"\" \/><\/div>\n<\/div>\n<div class=\"cl\"><\/div>\n<p>Kajaks Perception sind solche Ausr\u00fcstung, die weltbekannt sind. Sie sind robust, unsinkbar, bequem und besitzen hervorragende Man\u00f6vrierf\u00e4higkeit. Sie sind sowohl zu mehrst\u00fcndigen Paddeltouren, als auch zu langen Touren geeignet. Ihr gr\u00f6\u00dfter Vorteil ist Ladef\u00e4higkeit. Im sehr ger\u00e4umigen Kanu findet sich Platz f\u00fcr die ganze Familie. Mehr im Teil: Ausr\u00fcstung.<\/p>\n<p>Wenn Sie nicht sicher sind, ob Sie auf der Paddelroute den Aufforderungen gen\u00fcgen, nehmen Sie Kontakt mit uns auf. Wir werden Ihnen empfehlen, wo man die Paddeltour am besten beginnt und abschlie\u00dft. Wir helfen auch bei der Bestimmung der Tagesetappe zum Durchschwimmen auf diese Art und Weise, dass die ganze Gruppe die Paddeltour als ein fantastisches Abenteuer behalten k\u00f6nnte. Wir bieten auch eine Vermietungsm\u00f6glichkeit des F\u00fchrers oder des Rettungsschwimmers an.<\/p>\n<p>Mit dem Kajak bekommen Sie auch <strong>Paddels<\/strong> (Drehschemel- oder gerade Paddels) und <strong>Schwimmweste<\/strong> (wir haben Schwimmwesten f\u00fcr Erwachsene und Kinder). Zus\u00e4tzlich empfehlen wir wasserdichte <strong>S\u00e4cke und Tonne, Spritzdecken, Kajakwagen, Handyetui<\/strong> und <strong>Zelte<\/strong> f\u00fcr zwei oder drei Personen.<\/p>\n<p>Zus\u00e4tzlich veranstalten wir Lagerfeuer im Indianerwigwam, \u00dcbernachtungen, Partys f\u00fcr organisierte Gruppen. Wir arbeiten mit lokalen Restaurants zusammen und k\u00f6nnen bei dem Catering w\u00e4hrend der Paddeltour helfen.<\/p>\n<p><strong>TRANSPORT<\/strong> \u2013 Wir k\u00f6nnen Kajaks anliefern und abholen. Wir nehmen Fahrer auf dem Parkplatz mit, wo sie ihre Autos gelassen haben. Falls n\u00f6tig transportieren wir alle Teilnehmer dorthin, wohin sie wollen (zum Beispiel: Unterkunft). Zus\u00e4tzlich empfehlen wir einen Gep\u00e4cktransport entlang des Touristenwegs.<\/p>\n<p>Unsere Firma kann sowohl Transport aus Deutschland, Belgien, Niederlande, \u00d6sterreich nach Polen, als auch Heimkehr sichern. Wir sind imstande auf dem Flughafen warten. N\u00e4chster Flughafen befindet sich in Danzig (Gda\u0144sk) oder Bromberg (Bydgoszcz).<\/p>\n<p>Wenn Sie mit ihrem eigenen Auto fahren m\u00f6chten, sichern wir einen kostenlosen abgeschlossenen Parkplatz.<\/p>\n<div class=\"frame\" style=\"float: left; margin-right: 15px; width: inherit;\">\n<div class=\"framein\"><a class=\" pp\" href=\"\/wp-content\/uploads\/2012\/03\/swornegacie01.jpg\" target=\"_self\" rel=\"pp\"><img decoding=\"async\" src=\"\/wp-content\/themes\/cb-stringer\/thumb.php?src=\/wp-content\/uploads\/2012\/03\/swornegacie01.jpg&amp;h=150&amp;w=269&amp;a=bl&amp;zc=1&amp;q=100\" alt=\"swornegacie\" \/><\/a><\/div>\n<\/div>\n<p><strong>SWORNEGACIE (SCHWORNIGATZ)<\/strong> ist ein polnisches Dorf im S\u00fcdwesten der Woiwodschaft Pommern, dass verwaltungsm\u00e4\u00dfig in die Stadt- und Landgemeinde Chojnice (Konitz) eingegliedert ist. Das Dorf liegt 19 Kilometer n\u00f6rdlich von Chojnice (Konitz) am Fluss Brda (Brahe) und am Ufer des 648 Hektar gro\u00dfen Jezioro Karsi\u0144skie (Karschinsee). Das Ort geh\u00f6rt zum Gebiet der Kaschubischen Schweiz am \u00dcbergang der n\u00f6rdlich gelegenen Kaschubischen Seenplatten zur Tucheler Heide (Bory Tucholskie). Die wunderbaren Gebiete in der N\u00e4he von Fl\u00fcssen und Seen entscheiden \u00fcber ausgezeichneten Bedingungen zum Kanusport. In Swornegacie befinden sich viele Pl\u00e4tze, in der Sie \u00fcbernachten k\u00f6nnen und leckere Restaurants. Das ist die beste Ortschaft, wo man sich erholen kann. Hier kann man auch das Kaschubische Haus des Volkskunsthandwerks (Kaszubski Dom R\u0119kodzie\u0142a Ludowego) besichtigen, wo man Souvenirs und \u201eGacie Sworne\u201c kauft. Neben diesem Geb\u00e4ude steht ein Brotofen \u2013 im Sommer kann man frisches Brot kaufen, das man aufgrund alten und traditionellen Rezepturen b\u00e4ckt.<\/p>\n","protected":false},"excerpt":{"rendered":"<p>Die Paddeltour bedeutet Kontakt mit Natur, Spiel auf frischer Luft, jeden Abend am Lagerfeuer&#8230; Malerische Gebiete der Kaschubei, des Pommerns und ein [ + ]<\/p>\n","protected":false},"author":5,"featured_media":0,"parent":0,"menu_order":0,"comment_status":"closed","ping_status":"closed","template":"","meta":{"footnotes":""},"class_list":["post-1775","page","type-page","status-publish","hentry"],"aioseo_notices":[],"_links":{"self":[{"href":"https:\/\/gokajaki.pl\/de\/wp-json\/wp\/v2\/pages\/1775","targetHints":{"allow":["GET"]}}],"collection":[{"href":"https:\/\/gokajaki.pl\/de\/wp-json\/wp\/v2\/pages"}],"about":[{"href":"https:\/\/gokajaki.pl\/de\/wp-json\/wp\/v2\/types\/page"}],"author":[{"embeddable":true,"href":"https:\/\/gokajaki.pl\/de\/wp-json\/wp\/v2\/users\/5"}],"replies":[{"embeddable":true,"href":"https:\/\/gokajaki.pl\/de\/wp-json\/wp\/v2\/comments?post=1775"}],"version-history":[{"count":4,"href":"https:\/\/gokajaki.pl\/de\/wp-json\/wp\/v2\/pages\/1775\/revisions"}],"predecessor-version":[{"id":2464,"href":"https:\/\/gokajaki.pl\/de\/wp-json\/wp\/v2\/pages\/1775\/revisions\/2464"}],"wp:attachment":[{"href":"https:\/\/gokajaki.pl\/de\/wp-json\/wp\/v2\/media?parent=1775"}],"curies":[{"name":"wp","href":"https:\/\/api.w.org\/{rel}","templated":true}]}}