{"id":2060,"date":"2012-03-21T17:30:20","date_gmt":"2012-03-21T17:30:20","guid":{"rendered":"http:\/\/gokajaki.onreo.net\/de\/noclegi\/"},"modified":"2016-08-08T15:51:31","modified_gmt":"2016-08-08T15:51:31","slug":"noclegi","status":"publish","type":"page","link":"https:\/\/gokajaki.pl\/de\/noclegi\/","title":{"rendered":"\u00dcBERNACHTUNG"},"content":{"rendered":"<p class=\"MsoNoSpacing\" style=\"text-align: justify; text-justify: inter-ideograph;\"><b style=\"mso-bidi-font-weight: normal;\"><span lang=\"DE\" style=\"font-size: 12.0pt; font-family: 'Cambria','serif'; mso-ascii-theme-font: major-latin; mso-hansi-theme-font: major-latin; mso-ansi-language: DE;\">\u00dcBERNACHTUNG<\/span><\/b><span lang=\"DE\" style=\"font-size: 12.0pt; font-family: 'Cambria','serif'; mso-ascii-theme-font: major-latin; mso-hansi-theme-font: major-latin; mso-ansi-language: DE;\"> \u2013 Wenn Sie eine \u00dcbernachtung reservieren m\u00f6chten, k\u00f6nnen wir freie Pl\u00e4tze im Hotel, in der Pension, im Feriendorf oder im Zeltplatz finden.<\/span><\/p>\n","protected":false},"excerpt":{"rendered":"<p>\u00dcBERNACHTUNG \u2013 Wenn Sie eine \u00dcbernachtung reservieren m\u00f6chten, k\u00f6nnen wir freie Pl\u00e4tze im Hotel, in der Pension, im Feriendorf oder im Zeltplatz [ + ]<\/p>\n","protected":false},"author":1,"featured_media":0,"parent":0,"menu_order":0,"comment_status":"closed","ping_status":"closed","template":"","meta":{"footnotes":""},"class_list":["post-2060","page","type-page","status-publish","hentry"],"aioseo_notices":[],"_links":{"self":[{"href":"https:\/\/gokajaki.pl\/de\/wp-json\/wp\/v2\/pages\/2060","targetHints":{"allow":["GET"]}}],"collection":[{"href":"https:\/\/gokajaki.pl\/de\/wp-json\/wp\/v2\/pages"}],"about":[{"href":"https:\/\/gokajaki.pl\/de\/wp-json\/wp\/v2\/types\/page"}],"author":[{"embeddable":true,"href":"https:\/\/gokajaki.pl\/de\/wp-json\/wp\/v2\/users\/1"}],"replies":[{"embeddable":true,"href":"https:\/\/gokajaki.pl\/de\/wp-json\/wp\/v2\/comments?post=2060"}],"version-history":[{"count":2,"href":"https:\/\/gokajaki.pl\/de\/wp-json\/wp\/v2\/pages\/2060\/revisions"}],"predecessor-version":[{"id":2065,"href":"https:\/\/gokajaki.pl\/de\/wp-json\/wp\/v2\/pages\/2060\/revisions\/2065"}],"wp:attachment":[{"href":"https:\/\/gokajaki.pl\/de\/wp-json\/wp\/v2\/media?parent=2060"}],"curies":[{"name":"wp","href":"https:\/\/api.w.org\/{rel}","templated":true}]}}